{"id":7462,"date":"2024-02-18T08:16:27","date_gmt":"2024-02-18T08:16:27","guid":{"rendered":"https:\/\/beta.medicaltravelczech.com\/referenzen\/weight-loss-procedures\/"},"modified":"2024-05-20T17:30:51","modified_gmt":"2024-05-20T17:30:51","slug":"adipositas-chirurgie","status":"publish","type":"page","link":"https:\/\/beta.medicaltravelczech.com\/de\/referenzen\/adipositas-chirurgie\/","title":{"rendered":"Adipositas chirurgie"},"content":{"rendered":"\t\t<div data-elementor-type=\"wp-page\" data-elementor-id=\"7462\" class=\"elementor elementor-7462 elementor-3538\" data-elementor-post-type=\"page\">\n\t\t\t\t<div class=\"elementor-element elementor-element-2f31cbe8 e-flex e-con-boxed e-con e-parent\" data-id=\"2f31cbe8\" data-element_type=\"container\" data-e-type=\"container\">\n\t\t\t\t\t<div class=\"e-con-inner\">\n\t\t\t\t\t<\/div>\n\t\t\t\t<\/div>\n\t\t<div class=\"elementor-element elementor-element-317abf0e e-flex e-con-boxed e-con e-parent\" data-id=\"317abf0e\" data-element_type=\"container\" data-e-type=\"container\">\n\t\t\t\t\t<div class=\"e-con-inner\">\n\t\t\t\t<div class=\"elementor-element elementor-element-9d1279f elementor-nav-menu--dropdown-none elementor-widget elementor-widget-nav-menu\" data-id=\"9d1279f\" data-element_type=\"widget\" data-e-type=\"widget\" data-settings=\"{&quot;layout&quot;:&quot;horizontal&quot;,&quot;submenu_icon&quot;:{&quot;value&quot;:&quot;&lt;svg aria-hidden=\\&quot;true\\&quot; class=\\&quot;e-font-icon-svg e-fas-caret-down\\&quot; viewBox=\\&quot;0 0 320 512\\&quot; xmlns=\\&quot;http:\\\/\\\/www.w3.org\\\/2000\\\/svg\\&quot;&gt;&lt;path d=\\&quot;M31.3 192h257.3c17.8 0 26.7 21.5 14.1 34.1L174.1 354.8c-7.8 7.8-20.5 7.8-28.3 0L17.2 226.1C4.6 213.5 13.5 192 31.3 192z\\&quot;&gt;&lt;\\\/path&gt;&lt;\\\/svg&gt;&quot;,&quot;library&quot;:&quot;fa-solid&quot;}}\" data-widget_type=\"nav-menu.default\">\n\t\t\t\t<div class=\"elementor-widget-container\">\n\t\t\t\t\t\t\t\t<nav aria-label=\"Men\u00fc\" class=\"elementor-nav-menu--main elementor-nav-menu__container elementor-nav-menu--layout-horizontal e--pointer-none\">\n\t\t\t\t<ul id=\"menu-1-9d1279f\" class=\"elementor-nav-menu\"><li class=\"hide-item menu-item menu-item-type-post_type menu-item-object-page menu-item-7634\"><a href=\"https:\/\/beta.medicaltravelczech.com\/de\/referenzen\/\" class=\"elementor-item\">Referenzen<\/a><\/li>\n<li class=\"menu-item menu-item-type-post_type menu-item-object-page menu-item-7635\"><a href=\"https:\/\/beta.medicaltravelczech.com\/de\/referenzen\/ivf-eizellspende\/\" class=\"elementor-item\">Ivf eizellspende<\/a><\/li>\n<li class=\"hide-item menu-item menu-item-type-post_type menu-item-object-page menu-item-7636\"><a href=\"https:\/\/beta.medicaltravelczech.com\/de\/referenzen\/plastische-chirurgie\/\" class=\"elementor-item\">Plastische chirurgie<\/a><\/li>\n<li class=\"menu-item menu-item-type-post_type menu-item-object-page menu-item-7637\"><a href=\"https:\/\/beta.medicaltravelczech.com\/de\/referenzen\/adipositas-chirurgie\/\" class=\"elementor-item\">Adipositas chirurgie<\/a><\/li>\n<li class=\"hide-item menu-item menu-item-type-post_type menu-item-object-page menu-item-7638\"><a href=\"https:\/\/beta.medicaltravelczech.com\/de\/referenzen\/haartransplantation\/\" class=\"elementor-item\">Haartransplantation<\/a><\/li>\n<li class=\"hide-item menu-item menu-item-type-post_type menu-item-object-page menu-item-7639\"><a href=\"https:\/\/beta.medicaltravelczech.com\/de\/referenzen\/orthopaedie\/\" class=\"elementor-item\">Orthopaedie<\/a><\/li>\n<\/ul>\t\t\t<\/nav>\n\t\t\t\t\t\t<nav class=\"elementor-nav-menu--dropdown elementor-nav-menu__container\" aria-hidden=\"true\">\n\t\t\t\t<ul id=\"menu-2-9d1279f\" class=\"elementor-nav-menu\"><li class=\"hide-item menu-item menu-item-type-post_type menu-item-object-page menu-item-7634\"><a href=\"https:\/\/beta.medicaltravelczech.com\/de\/referenzen\/\" class=\"elementor-item\" tabindex=\"-1\">Referenzen<\/a><\/li>\n<li class=\"menu-item menu-item-type-post_type menu-item-object-page menu-item-7635\"><a href=\"https:\/\/beta.medicaltravelczech.com\/de\/referenzen\/ivf-eizellspende\/\" class=\"elementor-item\" tabindex=\"-1\">Ivf eizellspende<\/a><\/li>\n<li class=\"hide-item menu-item menu-item-type-post_type menu-item-object-page menu-item-7636\"><a href=\"https:\/\/beta.medicaltravelczech.com\/de\/referenzen\/plastische-chirurgie\/\" class=\"elementor-item\" tabindex=\"-1\">Plastische chirurgie<\/a><\/li>\n<li class=\"menu-item menu-item-type-post_type menu-item-object-page menu-item-7637\"><a href=\"https:\/\/beta.medicaltravelczech.com\/de\/referenzen\/adipositas-chirurgie\/\" class=\"elementor-item\" tabindex=\"-1\">Adipositas chirurgie<\/a><\/li>\n<li class=\"hide-item menu-item menu-item-type-post_type menu-item-object-page menu-item-7638\"><a href=\"https:\/\/beta.medicaltravelczech.com\/de\/referenzen\/haartransplantation\/\" class=\"elementor-item\" tabindex=\"-1\">Haartransplantation<\/a><\/li>\n<li class=\"hide-item menu-item menu-item-type-post_type menu-item-object-page menu-item-7639\"><a href=\"https:\/\/beta.medicaltravelczech.com\/de\/referenzen\/orthopaedie\/\" class=\"elementor-item\" tabindex=\"-1\">Orthopaedie<\/a><\/li>\n<\/ul>\t\t\t<\/nav>\n\t\t\t\t\t\t<\/div>\n\t\t\t\t<\/div>\n\t\t\t\t\t<\/div>\n\t\t\t\t<\/div>\n\t\t<div class=\"elementor-element elementor-element-3ed8ebfe e-flex e-con-boxed e-con e-parent\" data-id=\"3ed8ebfe\" data-element_type=\"container\" data-e-type=\"container\">\n\t\t\t\t\t<div class=\"e-con-inner\">\n\t\t<div class=\"elementor-element elementor-element-21cd391b e-flex e-con-boxed e-con e-child\" data-id=\"21cd391b\" data-element_type=\"container\" data-e-type=\"container\" data-settings=\"{&quot;background_background&quot;:&quot;classic&quot;}\">\n\t\t\t\t\t<div class=\"e-con-inner\">\n\t\t\t\t<div class=\"elementor-element elementor-element-2035a103 elementor-widget elementor-widget-heading\" data-id=\"2035a103\" data-element_type=\"widget\" data-e-type=\"widget\" data-widget_type=\"heading.default\">\n\t\t\t\t<div class=\"elementor-widget-container\">\n\t\t\t\t\t<h2 class=\"elementor-heading-title elementor-size-default\"> Magenballon Referenz<\/h2>\t\t\t\t<\/div>\n\t\t\t\t<\/div>\n\t\t\t\t<div class=\"elementor-element elementor-element-2ff2227b elementor-widget elementor-widget-text-editor\" data-id=\"2ff2227b\" data-element_type=\"widget\" data-e-type=\"widget\" data-widget_type=\"text-editor.default\">\n\t\t\t\t<div class=\"elementor-widget-container\">\n\t\t\t\t\t\t\t\t\t<p>Die Sorge um das Gewicht kann f\u00fcr einige Menschen Frustration und Verzweiflung hervorrufen. Dies ist ein h\u00e4ufiges Problem, und Sie sind damit sicherlich nicht allein. Auf diesen Seiten k\u00f6nnen Sie die Erfahrungen vieler verschiedener Kunden von rund um die Welt lesen, die den Mut hatten, ernsthafte Schritte gegen ihren Kampf mit dem Gewicht zu unternehmen. Unter der Leitung von Medical Travel in Prag kamen Sie in den Vorteil von den verschiedensten Verfahren zur Gewichtsabnahme. Hier zum Beispiel die bariatrische Chirurgie.<\/p>\t\t\t\t\t\t\t\t<\/div>\n\t\t\t\t<\/div>\n\t\t\t\t\t<\/div>\n\t\t\t\t<\/div>\n\t\t\t\t\t<\/div>\n\t\t\t\t<\/div>\n\t\t<div class=\"elementor-element elementor-element-3543377 e-flex e-con-boxed e-con e-parent\" data-id=\"3543377\" data-element_type=\"container\" data-e-type=\"container\">\n\t\t\t\t\t<div class=\"e-con-inner\">\n\t\t\t\t<div class=\"elementor-element elementor-element-9795399 elementor-grid-5 refer_grid elementor-grid-mobile-2 elementor-grid-tablet-2 elementor-widget elementor-widget-loop-grid\" data-id=\"9795399\" data-element_type=\"widget\" data-e-type=\"widget\" data-settings=\"{&quot;template_id&quot;:3415,&quot;columns&quot;:5,&quot;pagination_type&quot;:&quot;numbers&quot;,&quot;row_gap&quot;:{&quot;unit&quot;:&quot;px&quot;,&quot;size&quot;:20,&quot;sizes&quot;:[]},&quot;columns_mobile&quot;:2,&quot;_skin&quot;:&quot;post&quot;,&quot;columns_tablet&quot;:&quot;2&quot;,&quot;edit_handle_selector&quot;:&quot;[data-elementor-type=\\&quot;loop-item\\&quot;]&quot;,&quot;pagination_load_type&quot;:&quot;page_reload&quot;,&quot;row_gap_tablet&quot;:{&quot;unit&quot;:&quot;px&quot;,&quot;size&quot;:&quot;&quot;,&quot;sizes&quot;:[]},&quot;row_gap_mobile&quot;:{&quot;unit&quot;:&quot;px&quot;,&quot;size&quot;:&quot;&quot;,&quot;sizes&quot;:[]}}\" data-widget_type=\"loop-grid.post\">\n\t\t\t\t<div class=\"elementor-widget-container\">\n\t\t\t\t\t\t\t<div class=\"e-loop-nothing-found-message\">\n\t\t<\/div>\n\t\t\t\t\t\t<\/div>\n\t\t\t\t<\/div>\n\t\t\t\t\t<\/div>\n\t\t\t\t<\/div>\n\t\t\t\t<\/div>\n\t\t","protected":false},"excerpt":{"rendered":"<p>Magenballon Referenz Die Sorge um das Gewicht kann f\u00fcr einige Menschen Frustration und Verzweiflung hervorrufen. Dies ist ein h\u00e4ufiges Problem, und Sie sind damit sicherlich nicht allein. Auf diesen Seiten k\u00f6nnen Sie die Erfahrungen vieler verschiedener Kunden von rund um die Welt lesen, die den Mut hatten, ernsthafte Schritte gegen ihren Kampf mit dem Gewicht [&hellip;]<\/p>\n","protected":false},"author":2,"featured_media":0,"parent":7369,"menu_order":0,"comment_status":"closed","ping_status":"closed","template":"elementor_header_footer","meta":{"_acf_changed":false,"footnotes":""},"class_list":["post-7462","page","type-page","status-publish","hentry"],"acf":[],"_links":{"self":[{"href":"https:\/\/beta.medicaltravelczech.com\/de\/wp-json\/wp\/v2\/pages\/7462","targetHints":{"allow":["GET"]}}],"collection":[{"href":"https:\/\/beta.medicaltravelczech.com\/de\/wp-json\/wp\/v2\/pages"}],"about":[{"href":"https:\/\/beta.medicaltravelczech.com\/de\/wp-json\/wp\/v2\/types\/page"}],"author":[{"embeddable":true,"href":"https:\/\/beta.medicaltravelczech.com\/de\/wp-json\/wp\/v2\/users\/2"}],"replies":[{"embeddable":true,"href":"https:\/\/beta.medicaltravelczech.com\/de\/wp-json\/wp\/v2\/comments?post=7462"}],"version-history":[{"count":0,"href":"https:\/\/beta.medicaltravelczech.com\/de\/wp-json\/wp\/v2\/pages\/7462\/revisions"}],"up":[{"embeddable":true,"href":"https:\/\/beta.medicaltravelczech.com\/de\/wp-json\/wp\/v2\/pages\/7369"}],"wp:attachment":[{"href":"https:\/\/beta.medicaltravelczech.com\/de\/wp-json\/wp\/v2\/media?parent=7462"}],"curies":[{"name":"wp","href":"https:\/\/api.w.org\/{rel}","templated":true}]}}