{"id":7392,"date":"2024-02-17T13:32:41","date_gmt":"2024-02-17T13:32:41","guid":{"rendered":"https:\/\/beta.medicaltravelczech.com\/uber-uns\/your-coordinators\/"},"modified":"2024-03-19T20:28:04","modified_gmt":"2024-03-19T20:28:04","slug":"ihre-koordinatoren","status":"publish","type":"page","link":"https:\/\/beta.medicaltravelczech.com\/de\/uber-uns\/ihre-koordinatoren\/","title":{"rendered":"Ihre koordinatoren"},"content":{"rendered":"\t\t<div data-elementor-type=\"wp-page\" data-elementor-id=\"7392\" class=\"elementor elementor-7392 elementor-1380\" data-elementor-post-type=\"page\">\n\t\t\t\t<div class=\"elementor-element elementor-element-68ca768 e-flex e-con-boxed e-con e-parent\" data-id=\"68ca768\" data-element_type=\"container\" data-e-type=\"container\">\n\t\t\t\t\t<div class=\"e-con-inner\">\n\t\t\t\t\t<\/div>\n\t\t\t\t<\/div>\n\t\t<div class=\"elementor-element elementor-element-3b83ce4 e-flex e-con-boxed e-con e-parent\" data-id=\"3b83ce4\" data-element_type=\"container\" data-e-type=\"container\">\n\t\t\t\t\t<div class=\"e-con-inner\">\n\t\t\t\t<div class=\"elementor-element elementor-element-6012139 elementor-nav-menu--dropdown-none elementor-widget elementor-widget-nav-menu\" data-id=\"6012139\" data-element_type=\"widget\" data-e-type=\"widget\" data-settings=\"{&quot;layout&quot;:&quot;horizontal&quot;,&quot;submenu_icon&quot;:{&quot;value&quot;:&quot;&lt;svg aria-hidden=\\&quot;true\\&quot; class=\\&quot;e-font-icon-svg e-fas-caret-down\\&quot; viewBox=\\&quot;0 0 320 512\\&quot; xmlns=\\&quot;http:\\\/\\\/www.w3.org\\\/2000\\\/svg\\&quot;&gt;&lt;path d=\\&quot;M31.3 192h257.3c17.8 0 26.7 21.5 14.1 34.1L174.1 354.8c-7.8 7.8-20.5 7.8-28.3 0L17.2 226.1C4.6 213.5 13.5 192 31.3 192z\\&quot;&gt;&lt;\\\/path&gt;&lt;\\\/svg&gt;&quot;,&quot;library&quot;:&quot;fa-solid&quot;}}\" data-widget_type=\"nav-menu.default\">\n\t\t\t\t<div class=\"elementor-widget-container\">\n\t\t\t\t\t\t\t\t<nav aria-label=\"Men\u00fc\" class=\"elementor-nav-menu--main elementor-nav-menu__container elementor-nav-menu--layout-horizontal e--pointer-none\">\n\t\t\t\t<ul id=\"menu-1-6012139\" class=\"elementor-nav-menu\"><li class=\"word-small menu-item menu-item-type-post_type menu-item-object-page menu-item-7648\"><a href=\"https:\/\/beta.medicaltravelczech.com\/de\/uber-uns\/unsere-werte\/\" class=\"elementor-item\">Unsere werte<\/a><\/li>\n<li class=\"menu-item menu-item-type-post_type menu-item-object-page menu-item-7649\"><a href=\"https:\/\/beta.medicaltravelczech.com\/de\/uber-uns\/management\/\" class=\"elementor-item\">Management<\/a><\/li>\n<li class=\"word-small menu-item menu-item-type-post_type menu-item-object-page menu-item-7650\"><a href=\"https:\/\/beta.medicaltravelczech.com\/de\/uber-uns\/ihre-koordinatoren\/\" class=\"elementor-item\">Ihre koordinatoren<\/a><\/li>\n<li class=\"word-small menu-item menu-item-type-post_type menu-item-object-page menu-item-7651\"><a href=\"https:\/\/beta.medicaltravelczech.com\/de\/uber-uns\/ivf-spezialisten\/\" class=\"elementor-item\">Ivf spezialisten<\/a><\/li>\n<li class=\"word-small hide-item menu-item menu-item-type-post_type menu-item-object-page menu-item-7652\"><a href=\"https:\/\/beta.medicaltravelczech.com\/de\/uber-uns\/plastikchirurgen\/\" class=\"elementor-item\">Plastikchirurgen<\/a><\/li>\n<li class=\"word-small menu-item menu-item-type-post_type menu-item-object-page menu-item-7653\"><a href=\"https:\/\/beta.medicaltravelczech.com\/de\/uber-uns\/adipositas-experten\/\" class=\"elementor-item\">Adipositas experten<\/a><\/li>\n<li class=\"word-small hide-item menu-item menu-item-type-post_type menu-item-object-page menu-item-7654\"><a href=\"https:\/\/beta.medicaltravelczech.com\/de\/uber-uns\/haartransplantationen\/\" class=\"elementor-item\">Haar Transplantationen<\/a><\/li>\n<li class=\"word-small hide-item menu-item menu-item-type-post_type menu-item-object-page menu-item-7655\"><a href=\"https:\/\/beta.medicaltravelczech.com\/de\/uber-uns\/orthopedic-surgeons\/\" class=\"elementor-item\">Orthopedic Surgeons<\/a><\/li>\n<li class=\"word-small menu-item menu-item-type-post_type menu-item-object-page menu-item-7656\"><a href=\"https:\/\/beta.medicaltravelczech.com\/de\/uber-uns\/czech-republic\/\" class=\"elementor-item\">Czech republic<\/a><\/li>\n<\/ul>\t\t\t<\/nav>\n\t\t\t\t\t\t<nav class=\"elementor-nav-menu--dropdown elementor-nav-menu__container\" aria-hidden=\"true\">\n\t\t\t\t<ul id=\"menu-2-6012139\" class=\"elementor-nav-menu\"><li class=\"word-small menu-item menu-item-type-post_type menu-item-object-page menu-item-7648\"><a href=\"https:\/\/beta.medicaltravelczech.com\/de\/uber-uns\/unsere-werte\/\" class=\"elementor-item\" tabindex=\"-1\">Unsere werte<\/a><\/li>\n<li class=\"menu-item menu-item-type-post_type menu-item-object-page menu-item-7649\"><a href=\"https:\/\/beta.medicaltravelczech.com\/de\/uber-uns\/management\/\" class=\"elementor-item\" tabindex=\"-1\">Management<\/a><\/li>\n<li class=\"word-small menu-item menu-item-type-post_type menu-item-object-page menu-item-7650\"><a href=\"https:\/\/beta.medicaltravelczech.com\/de\/uber-uns\/ihre-koordinatoren\/\" class=\"elementor-item\" tabindex=\"-1\">Ihre koordinatoren<\/a><\/li>\n<li class=\"word-small menu-item menu-item-type-post_type menu-item-object-page menu-item-7651\"><a href=\"https:\/\/beta.medicaltravelczech.com\/de\/uber-uns\/ivf-spezialisten\/\" class=\"elementor-item\" tabindex=\"-1\">Ivf spezialisten<\/a><\/li>\n<li class=\"word-small hide-item menu-item menu-item-type-post_type menu-item-object-page menu-item-7652\"><a href=\"https:\/\/beta.medicaltravelczech.com\/de\/uber-uns\/plastikchirurgen\/\" class=\"elementor-item\" tabindex=\"-1\">Plastikchirurgen<\/a><\/li>\n<li class=\"word-small menu-item menu-item-type-post_type menu-item-object-page menu-item-7653\"><a href=\"https:\/\/beta.medicaltravelczech.com\/de\/uber-uns\/adipositas-experten\/\" class=\"elementor-item\" tabindex=\"-1\">Adipositas experten<\/a><\/li>\n<li class=\"word-small hide-item menu-item menu-item-type-post_type menu-item-object-page menu-item-7654\"><a href=\"https:\/\/beta.medicaltravelczech.com\/de\/uber-uns\/haartransplantationen\/\" class=\"elementor-item\" tabindex=\"-1\">Haar Transplantationen<\/a><\/li>\n<li class=\"word-small hide-item menu-item menu-item-type-post_type menu-item-object-page menu-item-7655\"><a href=\"https:\/\/beta.medicaltravelczech.com\/de\/uber-uns\/orthopedic-surgeons\/\" class=\"elementor-item\" tabindex=\"-1\">Orthopedic Surgeons<\/a><\/li>\n<li class=\"word-small menu-item menu-item-type-post_type menu-item-object-page menu-item-7656\"><a href=\"https:\/\/beta.medicaltravelczech.com\/de\/uber-uns\/czech-republic\/\" class=\"elementor-item\" tabindex=\"-1\">Czech republic<\/a><\/li>\n<\/ul>\t\t\t<\/nav>\n\t\t\t\t\t\t<\/div>\n\t\t\t\t<\/div>\n\t\t\t\t\t<\/div>\n\t\t\t\t<\/div>\n\t\t<div class=\"elementor-element elementor-element-0a3957f e-flex e-con-boxed e-con e-parent\" data-id=\"0a3957f\" data-element_type=\"container\" data-e-type=\"container\">\n\t\t\t\t\t<div class=\"e-con-inner\">\n\t\t<div class=\"elementor-element elementor-element-778fc5c e-flex e-con-boxed e-con e-child\" data-id=\"778fc5c\" data-element_type=\"container\" data-e-type=\"container\" data-settings=\"{&quot;background_background&quot;:&quot;classic&quot;}\">\n\t\t\t\t\t<div class=\"e-con-inner\">\n\t\t\t\t<div class=\"elementor-element elementor-element-5f1f392 elementor-widget elementor-widget-heading\" data-id=\"5f1f392\" data-element_type=\"widget\" data-e-type=\"widget\" data-widget_type=\"heading.default\">\n\t\t\t\t<div class=\"elementor-widget-container\">\n\t\t\t\t\t<h2 class=\"elementor-heading-title elementor-size-default\"> Ihre Koordinatoren<\/h2>\t\t\t\t<\/div>\n\t\t\t\t<\/div>\n\t\t\t\t<div class=\"elementor-element elementor-element-c31a453 elementor-widget elementor-widget-text-editor\" data-id=\"c31a453\" data-element_type=\"widget\" data-e-type=\"widget\" data-widget_type=\"text-editor.default\">\n\t\t\t\t<div class=\"elementor-widget-container\">\n\t\t\t\t\t\t\t\t\t<p>W\u00e4hrend Ihrer Behandlung bei uns in Prag stehen Komfort, Sicherheit und Ihr Seelenfrieden f\u00fcr uns an erster Stelle. Unsere Koordinatoren werden Sie auf jedem Schritt des Weges begleiten, um dies auch wirklich sicherzustellen. Hierbei sprechen wir jedoch nicht von den \u00fcblichen Standardangeboten. Unsere sorgf\u00e4ltig ausgew\u00e4hlten Koordinatoren sind talentierte, gebildete, kultivierte Menschen, die so charmant und ansprechend sind wie Prag selbst und sich voll und ganz daf\u00fcr einsetzen, Ihren Aufenthalt zu einer unvergesslichen und erfolgreichen Erfahrung zu machen.<\/p>\t\t\t\t\t\t\t\t<\/div>\n\t\t\t\t<\/div>\n\t\t\t\t\t<\/div>\n\t\t\t\t<\/div>\n\t\t\t\t\t<\/div>\n\t\t\t\t<\/div>\n\t\t<div class=\"elementor-element elementor-element-7d454a2 e-flex e-con-boxed e-con e-parent\" data-id=\"7d454a2\" data-element_type=\"container\" data-e-type=\"container\">\n\t\t\t\t\t<div class=\"e-con-inner\">\n\t\t\t\t<div class=\"elementor-element elementor-element-76adec8 elementor-grid-4 elementor-grid-mobile-2 elementor-grid-tablet-2 elementor-widget elementor-widget-loop-grid\" data-id=\"76adec8\" data-element_type=\"widget\" data-e-type=\"widget\" data-settings=\"{&quot;template_id&quot;:3806,&quot;columns&quot;:4,&quot;columns_mobile&quot;:2,&quot;row_gap_mobile&quot;:{&quot;unit&quot;:&quot;px&quot;,&quot;size&quot;:10,&quot;sizes&quot;:[]},&quot;_skin&quot;:&quot;post&quot;,&quot;columns_tablet&quot;:&quot;2&quot;,&quot;edit_handle_selector&quot;:&quot;[data-elementor-type=\\&quot;loop-item\\&quot;]&quot;,&quot;row_gap&quot;:{&quot;unit&quot;:&quot;px&quot;,&quot;size&quot;:&quot;&quot;,&quot;sizes&quot;:[]},&quot;row_gap_tablet&quot;:{&quot;unit&quot;:&quot;px&quot;,&quot;size&quot;:&quot;&quot;,&quot;sizes&quot;:[]}}\" data-widget_type=\"loop-grid.post\">\n\t\t\t\t<div class=\"elementor-widget-container\">\n\t\t\t\t\t\t\t<div class=\"e-loop-nothing-found-message\">\n\t\t<\/div>\n\t\t\t\t\t\t<\/div>\n\t\t\t\t<\/div>\n\t\t\t\t\t<\/div>\n\t\t\t\t<\/div>\n\t\t\t\t<\/div>\n\t\t","protected":false},"excerpt":{"rendered":"<p>Ihre Koordinatoren W\u00e4hrend Ihrer Behandlung bei uns in Prag stehen Komfort, Sicherheit und Ihr Seelenfrieden f\u00fcr uns an erster Stelle. Unsere Koordinatoren werden Sie auf jedem Schritt des Weges begleiten, um dies auch wirklich sicherzustellen. Hierbei sprechen wir jedoch nicht von den \u00fcblichen Standardangeboten. Unsere sorgf\u00e4ltig ausgew\u00e4hlten Koordinatoren sind talentierte, gebildete, kultivierte Menschen, die so [&hellip;]<\/p>\n","protected":false},"author":2,"featured_media":0,"parent":7375,"menu_order":0,"comment_status":"closed","ping_status":"closed","template":"elementor_header_footer","meta":{"_acf_changed":false,"footnotes":""},"class_list":["post-7392","page","type-page","status-publish","hentry"],"acf":[],"_links":{"self":[{"href":"https:\/\/beta.medicaltravelczech.com\/de\/wp-json\/wp\/v2\/pages\/7392","targetHints":{"allow":["GET"]}}],"collection":[{"href":"https:\/\/beta.medicaltravelczech.com\/de\/wp-json\/wp\/v2\/pages"}],"about":[{"href":"https:\/\/beta.medicaltravelczech.com\/de\/wp-json\/wp\/v2\/types\/page"}],"author":[{"embeddable":true,"href":"https:\/\/beta.medicaltravelczech.com\/de\/wp-json\/wp\/v2\/users\/2"}],"replies":[{"embeddable":true,"href":"https:\/\/beta.medicaltravelczech.com\/de\/wp-json\/wp\/v2\/comments?post=7392"}],"version-history":[{"count":0,"href":"https:\/\/beta.medicaltravelczech.com\/de\/wp-json\/wp\/v2\/pages\/7392\/revisions"}],"up":[{"embeddable":true,"href":"https:\/\/beta.medicaltravelczech.com\/de\/wp-json\/wp\/v2\/pages\/7375"}],"wp:attachment":[{"href":"https:\/\/beta.medicaltravelczech.com\/de\/wp-json\/wp\/v2\/media?parent=7392"}],"curies":[{"name":"wp","href":"https:\/\/api.w.org\/{rel}","templated":true}]}}